{"id":529,"date":"2023-12-04T12:41:29","date_gmt":"2023-12-04T12:41:29","guid":{"rendered":"https:\/\/heijmans-psychologie.nl\/?page_id=529"},"modified":"2023-12-09T17:21:47","modified_gmt":"2023-12-09T17:21:47","slug":"oplossingsgericht-werken","status":"publish","type":"page","link":"https:\/\/heijmans-psychologie.nl\/?page_id=529","title":{"rendered":"Oplossingsgericht coachen"},"content":{"rendered":"\n<div class=\"wp-block-group has-black-color has-text-color has-link-color wp-elements-1916dc474c97b2cd3d69010528894ef8\"><div class=\"wp-block-group__inner-container is-layout-constrained wp-block-group-is-layout-constrained\">\n<p>Wil je je cli\u00ebnten graag op een effectieve en effici\u00ebnte manier coachen bij het behalen van hun doelen? Dan is deze training zeker geschikt voor je! \u202f&nbsp;<\/p>\n\n\n\n<p>Succesvol coachen hangt nauw samen met goede oplossingsgerichte communicatievaardigheden. In deze training wordt hieraan veel aandacht besteed.\u202f&nbsp;<\/p>\n\n\n\n<p>Oplossingsgericht werken focust op wat (nog) goed gaat en wat in het verleden geholpen heeft. Met behulp van oplossingsgerichte communicatietechnieken help je je cli\u00ebnten om op een effici\u00ebnte wijze \u00e9n vanuit intrinsieke motivatie de gewenste situatie te bereiken. Deze manier van werken stimuleert de creativiteit en zelfredzaamheid van je cli\u00ebnten: zij formuleren zelf idee\u00ebn en zetten concrete stappen in de goede richting.\u202f&nbsp;<\/p>\n\n\n\n<p>Ik kwam jaren geleden in contact met oplossingsgericht werken en ik was meteen verkocht. De afgelopen jaren heb ik heel wat trainingen gegeven op het gebied van oplossingsgericht werken, onder andere voor paramedici via ProEducation. Al de opgedane kennis en ervaring heb ik gebruikt voor het opzetten van deze training. <\/p>\n\n\n\n<p>Je kunt de training online volgen. Heb je binnen je organisatie meer collega&#8217;s die de training willen volgen? Dan kunnen de bijeenkomsten ook plaatsvinden op locatie. In dat geval kan de vorm en de inhoud geheel worden afgestemd op jullie leerwensen en -behoeften.<\/p>\n\n\n\n<div style=\"height:37px\" aria-hidden=\"true\" class=\"wp-block-spacer\"><\/div>\n\n\n\n<p><strong>Voor wie?<\/strong><\/p>\n\n\n\n<p>Deze training is speciaal ontwikkeld voor professionals die in hun beroepspraktijk cli\u00ebnten oplossingsgericht willen begeleiden bij het bereiken van hun doelen, zoals coaches, counselors, therapeuten, (para)medici, zorgprofessionals, leerkrachten.&nbsp;<\/p>\n\n\n\n<div style=\"height:37px\" aria-hidden=\"true\" class=\"wp-block-spacer\"><\/div>\n\n\n\n<p><strong>Wat levert het je op?<\/strong><\/p>\n\n\n\n<p>Met een training in Oplossingsgericht coachen ontwikkel je effectieve vaardigheden die niet alleen de effici\u00ebntie vergroten, maar ook het werk minder belastend maken. Je leert je te richten op haalbare oplossingen en concrete stappen, waardoor je sneller vooruitgang boekt met je cli\u00ebnten. Deze benadering bevordert een positieve en samenwerkende sfeer, wat niet alleen de weerstand bi de cli\u00ebnt vermindert, maar ook de algehele werkdruk verlicht. Door te focussen op successen en toekomstige mogelijkheden, ervaar je meer voldoening en minder stress. <\/p>\n\n\n\n<p>Aan het eind van deze training kun je:&nbsp;<\/p>\n\n\n\n<ul class=\"wp-block-list\">\n<li>oplossingsgerichte communicatietechnieken toepassen<\/li>\n\n\n\n<li>oplossingsgerichte interventies inzetten bij de begeleiding van je cli\u00ebnten<\/li>\n\n\n\n<li>reflecteren op je eigen oplossingsgerichte coachingsvaardigheden<\/li>\n<\/ul>\n\n\n\n<div style=\"height:74px\" aria-hidden=\"true\" class=\"wp-block-spacer\"><\/div>\n\n\n\n<p><strong>Opzet van de training<\/strong>&nbsp;<\/p>\n\n\n\n<p>De training beslaat 3 bijeenkomsten. Tijdens de training krijg je steeds korte theoretische inleidingen gevolgd door praktijkgerichte oefeningen. Daarbij komen de volgende onderwerpen aan de orde:<\/p>\n\n\n\n<div class=\"wp-block-group\"><div class=\"wp-block-group__inner-container is-layout-constrained wp-block-group-is-layout-constrained\">\n<ul class=\"wp-block-list\">\n<li>de oplossingsgerichte grondhouding en uitgangspunten;&nbsp;<\/li>\n\n\n\n<li>oplossingsgerichte gesprekstechnieken en interventies&nbsp;<\/li>\n\n\n\n<li>de samenwerkingsrelatie en motivatie van de cli\u00ebnt&nbsp;<\/li>\n\n\n\n<li>omgaan met weerstand bij de cli\u00ebnt&nbsp;<\/li>\n<\/ul>\n<\/div><\/div>\n\n\n\n<div style=\"height:37px\" aria-hidden=\"true\" class=\"wp-block-spacer\"><\/div>\n\n\n\n<p>Qua tijd zul je rekening moeten houden met een studiebelasting van ongeveer 5 uur per per bijeenkomst (theorie en praktijkopdrachten).&nbsp;<\/p>\n<\/div><\/div>\n\n\n\n<div style=\"height:37px\" aria-hidden=\"true\" class=\"wp-block-spacer\"><\/div>\n\n\n\n<p><strong>Investering<\/strong><\/p>\n\n\n\n<p>De kosten van deze training zijn afhankelijk van een aantal factoren, zoals het aantal deelnemers en de tijdsinvestering. Wil je een offerte of meer informatie over deze training? Neem dan geheel vrijblijvend&nbsp;<a href=\"https:\/\/carolineheijmans-psycholoog.nl\/carolineheijmans-psycholoog.nl\/contact\/\" target=\"_blank\" rel=\"noreferrer noopener\">contact<\/a>&nbsp;op.&nbsp;<\/p>\n","protected":false},"excerpt":{"rendered":"<p>Wil je je cli\u00ebnten graag op een effectieve en effici\u00ebnte manier coachen bij het behalen van hun doelen? Dan is deze training zeker geschikt voor je! \u202f&nbsp; Succesvol coachen hangt nauw samen met goede oplossingsgerichte communicatievaardigheden. In deze training wordt hieraan veel aandacht besteed.\u202f&nbsp; Oplossingsgericht werken focust op wat (nog) goed gaat en wat in&hellip; <br \/> <a class=\"button small blue\" href=\"https:\/\/heijmans-psychologie.nl\/?page_id=529\">Lees verder<\/a><\/p>\n","protected":false},"author":1,"featured_media":0,"parent":226,"menu_order":0,"comment_status":"closed","ping_status":"closed","template":"","meta":{"footnotes":""},"class_list":["post-529","page","type-page","status-publish","hentry"],"_links":{"self":[{"href":"https:\/\/heijmans-psychologie.nl\/index.php?rest_route=\/wp\/v2\/pages\/529","targetHints":{"allow":["GET"]}}],"collection":[{"href":"https:\/\/heijmans-psychologie.nl\/index.php?rest_route=\/wp\/v2\/pages"}],"about":[{"href":"https:\/\/heijmans-psychologie.nl\/index.php?rest_route=\/wp\/v2\/types\/page"}],"author":[{"embeddable":true,"href":"https:\/\/heijmans-psychologie.nl\/index.php?rest_route=\/wp\/v2\/users\/1"}],"replies":[{"embeddable":true,"href":"https:\/\/heijmans-psychologie.nl\/index.php?rest_route=%2Fwp%2Fv2%2Fcomments&post=529"}],"version-history":[{"count":10,"href":"https:\/\/heijmans-psychologie.nl\/index.php?rest_route=\/wp\/v2\/pages\/529\/revisions"}],"predecessor-version":[{"id":725,"href":"https:\/\/heijmans-psychologie.nl\/index.php?rest_route=\/wp\/v2\/pages\/529\/revisions\/725"}],"up":[{"embeddable":true,"href":"https:\/\/heijmans-psychologie.nl\/index.php?rest_route=\/wp\/v2\/pages\/226"}],"wp:attachment":[{"href":"https:\/\/heijmans-psychologie.nl\/index.php?rest_route=%2Fwp%2Fv2%2Fmedia&parent=529"}],"curies":[{"name":"wp","href":"https:\/\/api.w.org\/{rel}","templated":true}]}}